{"id":3241,"date":"2020-04-23T11:54:47","date_gmt":"2020-04-23T09:54:47","guid":{"rendered":"https:\/\/www.rivestimentiinpietra.biz\/services\/"},"modified":"2020-04-23T11:54:47","modified_gmt":"2020-04-23T09:54:47","slug":"services","status":"publish","type":"page","link":"https:\/\/www.rivestimentiinpietra.biz\/en\/services\/","title":{"rendered":"Services"},"content":{"rendered":"<p>[vc_row css=&#8221;.vc_custom_1582217990252{padding-bottom: 30px !important;}&#8221;][vc_column][vc_column_text]<\/p>\n<h2>Arte Pietra commercializza pietre naturali<\/h2>\n<ul>\n<li><strong>Porfido;<\/strong><\/li>\n<li><strong>Luserna;<\/strong><\/li>\n<li><strong>Quarzite italiana;<\/strong><\/li>\n<li><strong>Quarzite brasiliana;<\/strong><\/li>\n<li><strong>Pietra di Bari;<\/strong><\/li>\n<li><strong>Pietra indiana;<\/strong><\/li>\n<li><strong>Pietra di Langa;<\/strong><\/li>\n<li><strong>E molte altre pietre italiane e non.<\/strong><\/li>\n<\/ul>\n<p>L&#8217;estrema flessibilit\u00e0 aziendale permette di realizzare pavimentazioni e rivestimenti in pietra per esterni e per interni, nonch\u00e9 arredi e sculture su misura, esaudendo tutte le richieste, anche le pi\u00f9 particolari, riuscendo cos\u00ec a migliorare il vostro ambiente pur mantenendo un aspetto naturale.<\/p>\n<p>L&#8217;offerta di Arte Pietra \u00e8 cos\u00ec varia e articolata da essere in grado di soddisfare qualsiasi esigenza, dalla piccola commessa alla realizzazione di grandi progetti.<\/p>\n<p>Arte Pietra si avvale di tecnici specializzati in materia di ambientazioni offrendo la sua esaustiva conoscenza ed esperienza, e si rende disponibile ad effettuare sopralluoghi per consigliarvi la pietra che meglio si fonde con l&#8217;ambiente circostante. Arte Pietra dispone inoltre di una squadra di posatori altamente specializzata nella posa in opera della pietra naturale.[\/vc_column_text][\/vc_column][\/vc_row][vc_row full_width=&#8221;stretch_row_content&#8221; css=&#8221;.vc_custom_1582218047263{margin-bottom: 100px !important;border-bottom-width: 50px !important;padding-top: 50px !important;background-image: url(https:\/\/www.rivestimentiinpietra.biz\/wp-content\/uploads\/2018\/11\/sfondo-1.gif?id=2109) !important;}&#8221;][vc_column width=&#8221;1\/2&#8243;][vc_single_image image=&#8221;3152&#8243; img_size=&#8221;full&#8221; alignment=&#8221;right&#8221;][\/vc_column][vc_column width=&#8221;1\/2&#8243; css=&#8221;.vc_custom_1582218055450{padding-right: 30px !important;padding-left: 30px !important;}&#8221;][vc_column_text]<\/p>\n<h2 style=\"text-align: left;\">I nostri orari di apertura<\/h2>\n<p style=\"text-align: left;\"><strong>dal Luned\u00ec al Venerd\u00ec<\/strong><br \/>\n07:30 &#8211; 12:30<br \/>\n14:30 &#8211; 19:00<\/p>\n<p style=\"text-align: left;\"><strong>Sabato<\/strong><br \/>\n08:30-12:30<\/p>\n<p>[\/vc_column_text][\/vc_column][\/vc_row]<\/p>\n","protected":false},"excerpt":{"rendered":"<p>[vc_row css=&#8221;.vc_custom_1582217990252{padding-bottom: 30px !important;}&#8221;][vc_column][vc_column_text] Arte Pietra commercializza pietre naturali Porfido; Luserna; Quarzite italiana; Quarzite brasiliana; Pietra di Bari; Pietra indiana; Pietra di Langa; E molte altre<span class=\"excerpt-hellip\"> [\u2026]<\/span><\/p>\n","protected":false},"author":1,"featured_media":0,"parent":0,"menu_order":0,"comment_status":"closed","ping_status":"closed","template":"","meta":{"footnotes":""},"yoast_head":"<!-- This site is optimized with the Yoast SEO plugin v22.4 - https:\/\/yoast.com\/wordpress\/plugins\/seo\/ -->\n<title>Services - Arte Pietra Srl<\/title>\n<meta name=\"robots\" content=\"index, follow, max-snippet:-1, max-image-preview:large, max-video-preview:-1\" \/>\n<link rel=\"canonical\" href=\"https:\/\/www.rivestimentiinpietra.biz\/servizi\/\" \/>\n<meta property=\"og:locale\" content=\"en_US\" \/>\n<meta property=\"og:type\" content=\"article\" \/>\n<meta property=\"og:title\" content=\"Services - Arte Pietra Srl\" \/>\n<meta property=\"og:description\" content=\"[vc_row css=&#8221;.vc_custom_1582217990252{padding-bottom: 30px !important;}&#8221;][vc_column][vc_column_text] Arte Pietra commercializza pietre naturali Porfido; Luserna; Quarzite italiana; Quarzite brasiliana; Pietra di Bari; Pietra indiana; Pietra di Langa; E molte altre [\u2026]\" \/>\n<meta property=\"og:url\" content=\"https:\/\/www.rivestimentiinpietra.biz\/servizi\/\" \/>\n<meta property=\"og:site_name\" content=\"Arte Pietra Srl\" \/>\n<meta name=\"twitter:card\" content=\"summary_large_image\" \/>\n<meta name=\"twitter:label1\" content=\"Est. reading time\" \/>\n\t<meta name=\"twitter:data1\" content=\"1 minute\" \/>\n<script type=\"application\/ld+json\" class=\"yoast-schema-graph\">{\"@context\":\"https:\/\/schema.org\",\"@graph\":[{\"@type\":\"WebPage\",\"@id\":\"https:\/\/www.rivestimentiinpietra.biz\/servizi\/\",\"url\":\"https:\/\/www.rivestimentiinpietra.biz\/servizi\/\",\"name\":\"Services - Arte Pietra Srl\",\"isPartOf\":{\"@id\":\"https:\/\/www.rivestimentiinpietra.biz\/#website\"},\"datePublished\":\"2020-04-23T09:54:47+00:00\",\"dateModified\":\"2020-04-23T09:54:47+00:00\",\"breadcrumb\":{\"@id\":\"https:\/\/www.rivestimentiinpietra.biz\/servizi\/#breadcrumb\"},\"inLanguage\":\"en-US\",\"potentialAction\":[{\"@type\":\"ReadAction\",\"target\":[\"https:\/\/www.rivestimentiinpietra.biz\/servizi\/\"]}]},{\"@type\":\"BreadcrumbList\",\"@id\":\"https:\/\/www.rivestimentiinpietra.biz\/servizi\/#breadcrumb\",\"itemListElement\":[{\"@type\":\"ListItem\",\"position\":1,\"name\":\"Home\",\"item\":\"https:\/\/www.rivestimentiinpietra.biz\/en\/\"},{\"@type\":\"ListItem\",\"position\":2,\"name\":\"Services\"}]},{\"@type\":\"WebSite\",\"@id\":\"https:\/\/www.rivestimentiinpietra.biz\/#website\",\"url\":\"https:\/\/www.rivestimentiinpietra.biz\/\",\"name\":\"Arte Pietra Srl\",\"description\":\"\",\"publisher\":{\"@id\":\"https:\/\/www.rivestimentiinpietra.biz\/#organization\"},\"potentialAction\":[{\"@type\":\"SearchAction\",\"target\":{\"@type\":\"EntryPoint\",\"urlTemplate\":\"https:\/\/www.rivestimentiinpietra.biz\/?s={search_term_string}\"},\"query-input\":\"required name=search_term_string\"}],\"inLanguage\":\"en-US\"},{\"@type\":\"Organization\",\"@id\":\"https:\/\/www.rivestimentiinpietra.biz\/#organization\",\"name\":\"Arte Pietra Srl\",\"url\":\"https:\/\/www.rivestimentiinpietra.biz\/\",\"logo\":{\"@type\":\"ImageObject\",\"inLanguage\":\"en-US\",\"@id\":\"https:\/\/www.rivestimentiinpietra.biz\/#\/schema\/logo\/image\/\",\"url\":\"https:\/\/www.rivestimentiinpietra.biz\/wp-content\/uploads\/2025\/05\/cropped-LOGO-ARTE-PIETRA-SENZA-SFONDO.png\",\"contentUrl\":\"https:\/\/www.rivestimentiinpietra.biz\/wp-content\/uploads\/2025\/05\/cropped-LOGO-ARTE-PIETRA-SENZA-SFONDO.png\",\"width\":4808,\"height\":1162,\"caption\":\"Arte Pietra Srl\"},\"image\":{\"@id\":\"https:\/\/www.rivestimentiinpietra.biz\/#\/schema\/logo\/image\/\"}}]}<\/script>\n<!-- \/ Yoast SEO plugin. -->","yoast_head_json":{"title":"Services - Arte Pietra Srl","robots":{"index":"index","follow":"follow","max-snippet":"max-snippet:-1","max-image-preview":"max-image-preview:large","max-video-preview":"max-video-preview:-1"},"canonical":"https:\/\/www.rivestimentiinpietra.biz\/servizi\/","og_locale":"en_US","og_type":"article","og_title":"Services - Arte Pietra Srl","og_description":"[vc_row css=&#8221;.vc_custom_1582217990252{padding-bottom: 30px !important;}&#8221;][vc_column][vc_column_text] Arte Pietra commercializza pietre naturali Porfido; Luserna; Quarzite italiana; Quarzite brasiliana; Pietra di Bari; Pietra indiana; Pietra di Langa; E molte altre [\u2026]","og_url":"https:\/\/www.rivestimentiinpietra.biz\/servizi\/","og_site_name":"Arte Pietra Srl","twitter_card":"summary_large_image","twitter_misc":{"Est. reading time":"1 minute"},"schema":{"@context":"https:\/\/schema.org","@graph":[{"@type":"WebPage","@id":"https:\/\/www.rivestimentiinpietra.biz\/servizi\/","url":"https:\/\/www.rivestimentiinpietra.biz\/servizi\/","name":"Services - Arte Pietra Srl","isPartOf":{"@id":"https:\/\/www.rivestimentiinpietra.biz\/#website"},"datePublished":"2020-04-23T09:54:47+00:00","dateModified":"2020-04-23T09:54:47+00:00","breadcrumb":{"@id":"https:\/\/www.rivestimentiinpietra.biz\/servizi\/#breadcrumb"},"inLanguage":"en-US","potentialAction":[{"@type":"ReadAction","target":["https:\/\/www.rivestimentiinpietra.biz\/servizi\/"]}]},{"@type":"BreadcrumbList","@id":"https:\/\/www.rivestimentiinpietra.biz\/servizi\/#breadcrumb","itemListElement":[{"@type":"ListItem","position":1,"name":"Home","item":"https:\/\/www.rivestimentiinpietra.biz\/en\/"},{"@type":"ListItem","position":2,"name":"Services"}]},{"@type":"WebSite","@id":"https:\/\/www.rivestimentiinpietra.biz\/#website","url":"https:\/\/www.rivestimentiinpietra.biz\/","name":"Arte Pietra Srl","description":"","publisher":{"@id":"https:\/\/www.rivestimentiinpietra.biz\/#organization"},"potentialAction":[{"@type":"SearchAction","target":{"@type":"EntryPoint","urlTemplate":"https:\/\/www.rivestimentiinpietra.biz\/?s={search_term_string}"},"query-input":"required name=search_term_string"}],"inLanguage":"en-US"},{"@type":"Organization","@id":"https:\/\/www.rivestimentiinpietra.biz\/#organization","name":"Arte Pietra Srl","url":"https:\/\/www.rivestimentiinpietra.biz\/","logo":{"@type":"ImageObject","inLanguage":"en-US","@id":"https:\/\/www.rivestimentiinpietra.biz\/#\/schema\/logo\/image\/","url":"https:\/\/www.rivestimentiinpietra.biz\/wp-content\/uploads\/2025\/05\/cropped-LOGO-ARTE-PIETRA-SENZA-SFONDO.png","contentUrl":"https:\/\/www.rivestimentiinpietra.biz\/wp-content\/uploads\/2025\/05\/cropped-LOGO-ARTE-PIETRA-SENZA-SFONDO.png","width":4808,"height":1162,"caption":"Arte Pietra Srl"},"image":{"@id":"https:\/\/www.rivestimentiinpietra.biz\/#\/schema\/logo\/image\/"}}]}},"_links":{"self":[{"href":"https:\/\/www.rivestimentiinpietra.biz\/en\/wp-json\/wp\/v2\/pages\/3241"}],"collection":[{"href":"https:\/\/www.rivestimentiinpietra.biz\/en\/wp-json\/wp\/v2\/pages"}],"about":[{"href":"https:\/\/www.rivestimentiinpietra.biz\/en\/wp-json\/wp\/v2\/types\/page"}],"author":[{"embeddable":true,"href":"https:\/\/www.rivestimentiinpietra.biz\/en\/wp-json\/wp\/v2\/users\/1"}],"replies":[{"embeddable":true,"href":"https:\/\/www.rivestimentiinpietra.biz\/en\/wp-json\/wp\/v2\/comments?post=3241"}],"version-history":[{"count":1,"href":"https:\/\/www.rivestimentiinpietra.biz\/en\/wp-json\/wp\/v2\/pages\/3241\/revisions"}],"predecessor-version":[{"id":3242,"href":"https:\/\/www.rivestimentiinpietra.biz\/en\/wp-json\/wp\/v2\/pages\/3241\/revisions\/3242"}],"wp:attachment":[{"href":"https:\/\/www.rivestimentiinpietra.biz\/en\/wp-json\/wp\/v2\/media?parent=3241"}],"curies":[{"name":"wp","href":"https:\/\/api.w.org\/{rel}","templated":true}]}}