{"id":3237,"date":"2020-04-23T11:41:26","date_gmt":"2020-04-23T09:41:26","guid":{"rendered":"https:\/\/www.rivestimentiinpietra.biz\/company\/"},"modified":"2020-04-23T11:41:40","modified_gmt":"2020-04-23T09:41:40","slug":"company","status":"publish","type":"page","link":"https:\/\/www.rivestimentiinpietra.biz\/en\/company\/","title":{"rendered":"Company"},"content":{"rendered":"<p>[vc_row][vc_column width=&#8221;1\/2&#8243;][vc_column_text]<\/p>\n<h2>Il pi\u00f9 grande assortimento di prodotti in pietra naturale<\/h2>\n<p>[\/vc_column_text][vc_column_text]Arte Pietra \u00e8 un&#8217;azienda giovane, dinamica e flessibile nata nel 1998 come una piccola realt\u00e0 nel settore della pietra naturale, operando prevalentemente in ambito locale. Grazie alla passione, alla professionalit\u00e0 e all&#8217;intraprendenza di Andrea e Morena amplia la propria realt\u00e0 espandendo il commercio in tutto il mondo.<\/p>\n<p>Oltre a un professionale servizio di vendita completo di consulenze, Arte Pietra mette a disposizione uno staff altamente specializzato nella posa in opera.<\/p>\n<p>Le pietre vengono fornite in qualsiasi formato, per pavimentazioni e rivestimenti (opera incerta, piastrelle, pav\u00e9 etc.) oppure come pietre ornamentali.[\/vc_column_text][\/vc_column][vc_column width=&#8221;1\/2&#8243;][vc_column_text]<iframe loading=\"lazy\" src=\"http:\/\/www.youtube.com\/embed\/UrEiT52EDBU?rel=0&amp;autoplay=0\" width=\"670\" height=\"377\" frameborder=\"0\"><\/iframe>[\/vc_column_text][\/vc_column][\/vc_row][vc_row full_width=&#8221;stretch_row&#8221; css=&#8221;.vc_custom_1543483742616{background-image: url(http:\/\/www.rivestimentiinpietra.biz\/wp-content\/uploads\/2018\/11\/sfondo-1.gif?id=2108) !important;}&#8221;][vc_column][vc_empty_space height=&#8221;20px&#8221;][vc_row_inner content_placement=&#8221;middle&#8221;][vc_column_inner width=&#8221;1\/2&#8243;][vc_column_text]<img loading=\"lazy\" decoding=\"async\" class=\"aligncenter size-full wp-image-2136\" src=\"http:\/\/www.rivestimentiinpietra.biz\/wp-content\/uploads\/2018\/11\/fontane.png\" alt=\"\" width=\"335\" height=\"363\" srcset=\"https:\/\/www.rivestimentiinpietra.biz\/wp-content\/uploads\/2018\/11\/fontane.png 335w, https:\/\/www.rivestimentiinpietra.biz\/wp-content\/uploads\/2018\/11\/fontane-64x69.png 64w, https:\/\/www.rivestimentiinpietra.biz\/wp-content\/uploads\/2018\/11\/fontane-277x300.png 277w, https:\/\/www.rivestimentiinpietra.biz\/wp-content\/uploads\/2018\/11\/fontane-135x146.png 135w, https:\/\/www.rivestimentiinpietra.biz\/wp-content\/uploads\/2018\/11\/fontane-46x50.png 46w, https:\/\/www.rivestimentiinpietra.biz\/wp-content\/uploads\/2018\/11\/fontane-69x75.png 69w\" sizes=\"(max-width: 335px) 100vw, 335px\" \/>[\/vc_column_text][\/vc_column_inner][vc_column_inner width=&#8221;1\/2&#8243;][vc_column_text]<\/p>\n<h2>Arredo urbano, interni, esterni, prodotti artistici e professionali<\/h2>\n<p>[\/vc_column_text][vc_column_text]Arte Pietra also offers urban furnishing solutions with fountains, tables and benches, planters and furnishing accessories such as marble doors, letter holders, bicycle racks, bottle displays for cellars, for public and private environments.<\/p>\n<p>In addition to this wide range of products, all strictly in natural stone, Arte Pietra recently inaugurated the bathroom line, where alongside products, mosaics on the net, tops and design sinks, artistic products, creations, refined and elegant decorations are offered which are based on natural stone.<\/p>\n<p>Our range is completed by a series of professional products for the cleaning and maintenance of stone, hydro oil repellents, treatments for rust, antiquing, detergents.[\/vc_column_text][\/vc_column_inner][\/vc_row_inner][vc_empty_space height=&#8221;20px&#8221;][\/vc_column][\/vc_row][vc_row][vc_column][vc_empty_space][\/vc_column][\/vc_row]<\/p>\n","protected":false},"excerpt":{"rendered":"<p>[vc_row][vc_column width=&#8221;1\/2&#8243;][vc_column_text] Il pi\u00f9 grande assortimento di prodotti in pietra naturale [\/vc_column_text][vc_column_text]Arte Pietra \u00e8 un&#8217;azienda giovane, dinamica e flessibile nata nel 1998 come una piccola realt\u00e0<span class=\"excerpt-hellip\"> [\u2026]<\/span><\/p>\n","protected":false},"author":1,"featured_media":0,"parent":0,"menu_order":0,"comment_status":"closed","ping_status":"closed","template":"","meta":{"footnotes":""},"yoast_head":"<!-- This site is optimized with the Yoast SEO plugin v22.4 - https:\/\/yoast.com\/wordpress\/plugins\/seo\/ -->\n<title>Company - Arte Pietra Srl<\/title>\n<meta name=\"robots\" content=\"index, follow, max-snippet:-1, max-image-preview:large, max-video-preview:-1\" \/>\n<link rel=\"canonical\" href=\"https:\/\/www.rivestimentiinpietra.biz\/azienda\/\" \/>\n<meta property=\"og:locale\" content=\"en_US\" \/>\n<meta property=\"og:type\" content=\"article\" \/>\n<meta property=\"og:title\" content=\"Company - Arte Pietra Srl\" \/>\n<meta property=\"og:description\" content=\"[vc_row][vc_column width=&#8221;1\/2&#8243;][vc_column_text] Il pi\u00f9 grande assortimento di prodotti in pietra naturale [\/vc_column_text][vc_column_text]Arte Pietra \u00e8 un&#8217;azienda giovane, dinamica e flessibile nata nel 1998 come una piccola realt\u00e0 [\u2026]\" \/>\n<meta property=\"og:url\" content=\"https:\/\/www.rivestimentiinpietra.biz\/azienda\/\" \/>\n<meta property=\"og:site_name\" content=\"Arte Pietra Srl\" \/>\n<meta property=\"article:modified_time\" content=\"2020-04-23T09:41:40+00:00\" \/>\n<meta property=\"og:image\" content=\"http:\/\/www.rivestimentiinpietra.biz\/wp-content\/uploads\/2018\/11\/fontane.png\" \/>\n<meta name=\"twitter:card\" content=\"summary_large_image\" \/>\n<meta name=\"twitter:label1\" content=\"Est. reading time\" \/>\n\t<meta name=\"twitter:data1\" content=\"2 minutes\" \/>\n<script type=\"application\/ld+json\" class=\"yoast-schema-graph\">{\"@context\":\"https:\/\/schema.org\",\"@graph\":[{\"@type\":\"WebPage\",\"@id\":\"https:\/\/www.rivestimentiinpietra.biz\/azienda\/\",\"url\":\"https:\/\/www.rivestimentiinpietra.biz\/azienda\/\",\"name\":\"Company - Arte Pietra Srl\",\"isPartOf\":{\"@id\":\"https:\/\/www.rivestimentiinpietra.biz\/#website\"},\"primaryImageOfPage\":{\"@id\":\"https:\/\/www.rivestimentiinpietra.biz\/azienda\/#primaryimage\"},\"image\":{\"@id\":\"https:\/\/www.rivestimentiinpietra.biz\/azienda\/#primaryimage\"},\"thumbnailUrl\":\"http:\/\/www.rivestimentiinpietra.biz\/wp-content\/uploads\/2018\/11\/fontane.png\",\"datePublished\":\"2020-04-23T09:41:26+00:00\",\"dateModified\":\"2020-04-23T09:41:40+00:00\",\"breadcrumb\":{\"@id\":\"https:\/\/www.rivestimentiinpietra.biz\/azienda\/#breadcrumb\"},\"inLanguage\":\"en-US\",\"potentialAction\":[{\"@type\":\"ReadAction\",\"target\":[\"https:\/\/www.rivestimentiinpietra.biz\/azienda\/\"]}]},{\"@type\":\"ImageObject\",\"inLanguage\":\"en-US\",\"@id\":\"https:\/\/www.rivestimentiinpietra.biz\/azienda\/#primaryimage\",\"url\":\"http:\/\/www.rivestimentiinpietra.biz\/wp-content\/uploads\/2018\/11\/fontane.png\",\"contentUrl\":\"http:\/\/www.rivestimentiinpietra.biz\/wp-content\/uploads\/2018\/11\/fontane.png\"},{\"@type\":\"BreadcrumbList\",\"@id\":\"https:\/\/www.rivestimentiinpietra.biz\/azienda\/#breadcrumb\",\"itemListElement\":[{\"@type\":\"ListItem\",\"position\":1,\"name\":\"Home\",\"item\":\"https:\/\/www.rivestimentiinpietra.biz\/en\/\"},{\"@type\":\"ListItem\",\"position\":2,\"name\":\"Company\"}]},{\"@type\":\"WebSite\",\"@id\":\"https:\/\/www.rivestimentiinpietra.biz\/#website\",\"url\":\"https:\/\/www.rivestimentiinpietra.biz\/\",\"name\":\"Arte Pietra Srl\",\"description\":\"\",\"publisher\":{\"@id\":\"https:\/\/www.rivestimentiinpietra.biz\/#organization\"},\"potentialAction\":[{\"@type\":\"SearchAction\",\"target\":{\"@type\":\"EntryPoint\",\"urlTemplate\":\"https:\/\/www.rivestimentiinpietra.biz\/?s={search_term_string}\"},\"query-input\":\"required name=search_term_string\"}],\"inLanguage\":\"en-US\"},{\"@type\":\"Organization\",\"@id\":\"https:\/\/www.rivestimentiinpietra.biz\/#organization\",\"name\":\"Arte Pietra Srl\",\"url\":\"https:\/\/www.rivestimentiinpietra.biz\/\",\"logo\":{\"@type\":\"ImageObject\",\"inLanguage\":\"en-US\",\"@id\":\"https:\/\/www.rivestimentiinpietra.biz\/#\/schema\/logo\/image\/\",\"url\":\"https:\/\/www.rivestimentiinpietra.biz\/wp-content\/uploads\/2025\/05\/cropped-LOGO-ARTE-PIETRA-SENZA-SFONDO.png\",\"contentUrl\":\"https:\/\/www.rivestimentiinpietra.biz\/wp-content\/uploads\/2025\/05\/cropped-LOGO-ARTE-PIETRA-SENZA-SFONDO.png\",\"width\":4808,\"height\":1162,\"caption\":\"Arte Pietra Srl\"},\"image\":{\"@id\":\"https:\/\/www.rivestimentiinpietra.biz\/#\/schema\/logo\/image\/\"}}]}<\/script>\n<!-- \/ Yoast SEO plugin. -->","yoast_head_json":{"title":"Company - Arte Pietra Srl","robots":{"index":"index","follow":"follow","max-snippet":"max-snippet:-1","max-image-preview":"max-image-preview:large","max-video-preview":"max-video-preview:-1"},"canonical":"https:\/\/www.rivestimentiinpietra.biz\/azienda\/","og_locale":"en_US","og_type":"article","og_title":"Company - Arte Pietra Srl","og_description":"[vc_row][vc_column width=&#8221;1\/2&#8243;][vc_column_text] Il pi\u00f9 grande assortimento di prodotti in pietra naturale [\/vc_column_text][vc_column_text]Arte Pietra \u00e8 un&#8217;azienda giovane, dinamica e flessibile nata nel 1998 come una piccola realt\u00e0 [\u2026]","og_url":"https:\/\/www.rivestimentiinpietra.biz\/azienda\/","og_site_name":"Arte Pietra Srl","article_modified_time":"2020-04-23T09:41:40+00:00","og_image":[{"url":"http:\/\/www.rivestimentiinpietra.biz\/wp-content\/uploads\/2018\/11\/fontane.png"}],"twitter_card":"summary_large_image","twitter_misc":{"Est. reading time":"2 minutes"},"schema":{"@context":"https:\/\/schema.org","@graph":[{"@type":"WebPage","@id":"https:\/\/www.rivestimentiinpietra.biz\/azienda\/","url":"https:\/\/www.rivestimentiinpietra.biz\/azienda\/","name":"Company - Arte Pietra Srl","isPartOf":{"@id":"https:\/\/www.rivestimentiinpietra.biz\/#website"},"primaryImageOfPage":{"@id":"https:\/\/www.rivestimentiinpietra.biz\/azienda\/#primaryimage"},"image":{"@id":"https:\/\/www.rivestimentiinpietra.biz\/azienda\/#primaryimage"},"thumbnailUrl":"http:\/\/www.rivestimentiinpietra.biz\/wp-content\/uploads\/2018\/11\/fontane.png","datePublished":"2020-04-23T09:41:26+00:00","dateModified":"2020-04-23T09:41:40+00:00","breadcrumb":{"@id":"https:\/\/www.rivestimentiinpietra.biz\/azienda\/#breadcrumb"},"inLanguage":"en-US","potentialAction":[{"@type":"ReadAction","target":["https:\/\/www.rivestimentiinpietra.biz\/azienda\/"]}]},{"@type":"ImageObject","inLanguage":"en-US","@id":"https:\/\/www.rivestimentiinpietra.biz\/azienda\/#primaryimage","url":"http:\/\/www.rivestimentiinpietra.biz\/wp-content\/uploads\/2018\/11\/fontane.png","contentUrl":"http:\/\/www.rivestimentiinpietra.biz\/wp-content\/uploads\/2018\/11\/fontane.png"},{"@type":"BreadcrumbList","@id":"https:\/\/www.rivestimentiinpietra.biz\/azienda\/#breadcrumb","itemListElement":[{"@type":"ListItem","position":1,"name":"Home","item":"https:\/\/www.rivestimentiinpietra.biz\/en\/"},{"@type":"ListItem","position":2,"name":"Company"}]},{"@type":"WebSite","@id":"https:\/\/www.rivestimentiinpietra.biz\/#website","url":"https:\/\/www.rivestimentiinpietra.biz\/","name":"Arte Pietra Srl","description":"","publisher":{"@id":"https:\/\/www.rivestimentiinpietra.biz\/#organization"},"potentialAction":[{"@type":"SearchAction","target":{"@type":"EntryPoint","urlTemplate":"https:\/\/www.rivestimentiinpietra.biz\/?s={search_term_string}"},"query-input":"required name=search_term_string"}],"inLanguage":"en-US"},{"@type":"Organization","@id":"https:\/\/www.rivestimentiinpietra.biz\/#organization","name":"Arte Pietra Srl","url":"https:\/\/www.rivestimentiinpietra.biz\/","logo":{"@type":"ImageObject","inLanguage":"en-US","@id":"https:\/\/www.rivestimentiinpietra.biz\/#\/schema\/logo\/image\/","url":"https:\/\/www.rivestimentiinpietra.biz\/wp-content\/uploads\/2025\/05\/cropped-LOGO-ARTE-PIETRA-SENZA-SFONDO.png","contentUrl":"https:\/\/www.rivestimentiinpietra.biz\/wp-content\/uploads\/2025\/05\/cropped-LOGO-ARTE-PIETRA-SENZA-SFONDO.png","width":4808,"height":1162,"caption":"Arte Pietra Srl"},"image":{"@id":"https:\/\/www.rivestimentiinpietra.biz\/#\/schema\/logo\/image\/"}}]}},"_links":{"self":[{"href":"https:\/\/www.rivestimentiinpietra.biz\/en\/wp-json\/wp\/v2\/pages\/3237"}],"collection":[{"href":"https:\/\/www.rivestimentiinpietra.biz\/en\/wp-json\/wp\/v2\/pages"}],"about":[{"href":"https:\/\/www.rivestimentiinpietra.biz\/en\/wp-json\/wp\/v2\/types\/page"}],"author":[{"embeddable":true,"href":"https:\/\/www.rivestimentiinpietra.biz\/en\/wp-json\/wp\/v2\/users\/1"}],"replies":[{"embeddable":true,"href":"https:\/\/www.rivestimentiinpietra.biz\/en\/wp-json\/wp\/v2\/comments?post=3237"}],"version-history":[{"count":1,"href":"https:\/\/www.rivestimentiinpietra.biz\/en\/wp-json\/wp\/v2\/pages\/3237\/revisions"}],"predecessor-version":[{"id":3238,"href":"https:\/\/www.rivestimentiinpietra.biz\/en\/wp-json\/wp\/v2\/pages\/3237\/revisions\/3238"}],"wp:attachment":[{"href":"https:\/\/www.rivestimentiinpietra.biz\/en\/wp-json\/wp\/v2\/media?parent=3237"}],"curies":[{"name":"wp","href":"https:\/\/api.w.org\/{rel}","templated":true}]}}